{"id":1017,"date":"2025-01-07T08:54:23","date_gmt":"2025-01-07T08:54:23","guid":{"rendered":"https:\/\/u6a.0e8.mytemp.website\/fassdaube\/?page_id=1017"},"modified":"2025-01-07T08:56:55","modified_gmt":"2025-01-07T08:56:55","slug":"datenschutzerklaerung","status":"publish","type":"page","link":"https:\/\/u6a.0e8.mytemp.website\/fassdaube\/datenschutzerklaerung\/","title":{"rendered":"Datenschutzerkl\u00e4rung"},"content":{"rendered":"\t\t<div data-elementor-type=\"wp-page\" data-elementor-id=\"1017\" class=\"elementor elementor-1017\" data-elementor-post-type=\"page\">\n\t\t\t\t<div class=\"elementor-element elementor-element-2a319b9e e-flex e-con-boxed e-con e-parent\" data-id=\"2a319b9e\" data-element_type=\"container\" data-e-type=\"container\">\n\t\t\t\t\t<div class=\"e-con-inner\">\n\t\t<div class=\"elementor-element elementor-element-2974186a e-flex e-con-boxed e-con e-child\" data-id=\"2974186a\" data-element_type=\"container\" data-e-type=\"container\">\n\t\t\t\t\t<div class=\"e-con-inner\">\n\t\t\t\t<div class=\"elementor-element elementor-element-6328f1e6 elementor-widget elementor-widget-heading\" data-id=\"6328f1e6\" data-element_type=\"widget\" data-e-type=\"widget\" data-widget_type=\"heading.default\">\n\t\t\t\t<div class=\"elementor-widget-container\">\n\t\t\t\t\t<h2 class=\"elementor-heading-title elementor-size-default\">Impressum<\/h2>\t\t\t\t<\/div>\n\t\t\t\t<\/div>\n\t\t\t\t\t<\/div>\n\t\t\t\t<\/div>\n\t\t\t\t\t<\/div>\n\t\t\t\t<\/div>\n\t\t<div class=\"elementor-element elementor-element-2692e31 e-flex e-con-boxed e-con e-parent\" data-id=\"2692e31\" data-element_type=\"container\" data-e-type=\"container\">\n\t\t\t\t\t<div class=\"e-con-inner\">\n\t\t\t\t<div class=\"elementor-element elementor-element-cf0e04c elementor-widget elementor-widget-text-editor\" data-id=\"cf0e04c\" data-element_type=\"widget\" data-e-type=\"widget\" data-widget_type=\"text-editor.default\">\n\t\t\t\t<div class=\"elementor-widget-container\">\n\t\t\t\t\t\t\t\t\t<p>Datenschutzhinweise<\/p><p>Wir freuen uns \u00fcber Ihr Interesse an unserer Webseite. Der Schutz Ihrer Privatsph\u00e4re bei der Verarbeitung personenbezogener Daten sowie die Sicherheit aller Gesch\u00e4ftsdaten ist uns ein wichtiges Anliegen, das wir in unseren Gesch\u00e4ftsprozessen ber\u00fccksichtigen. Hier informieren wir Sie ausf\u00fchrlich \u00fcber den Umgang mit Ihren Daten.<\/p><p>\u00a7 1 Allgemeine Information \u00fcber die Erhebung personenbezogener Daten im Zusammenhang mit dem Besuch unserer Website<\/p><p>(1) Im Folgenden informieren wir \u00fcber die Erhebung personenbezogener Daten bei Nutzung unserer Website. Personenbezogene Daten sind alle Daten, die auf Sie pers\u00f6nlich beziehbar sind, z.B. Name, Adresse, E-Mail-Adressen, Nutzerverhalten. Wir weisen darauf hin, dass die Daten\u00fcbertragung im Internet (z.B. bei der Kommunikation per E-Mail) Sicherheitsl\u00fccken aufweisen kann. Ein l\u00fcckenloser Schutz der Daten vor dem Zugriff durch Dritte ist nicht m\u00f6glich.<\/p><p>(2) Verantwortlicher gem. Art. 4 Abs. 7 EU-Datenschutz-Grundverordnung (DSGVO) ist Alessio Amato<br \/>Weingasthaus Fassdaube<br \/>Weinstr. 269<\/p><p>Telefon: 06321 9291826<\/p><p>(3) Diese Website wird bei einem externen Dienstleister gehostet (Hoster). Die personenbezogenen Daten, die auf dieser Website erfasst werden, werden auf den Servern des Hosters gespeichert. Hierbei kann es sich insbesondere um IP-Adressen, Kontaktanfragen, Meta- und Kommunikationsdaten, Vertragsdaten, Kontaktdaten, Namen, Websitezugriffe und sonstige Daten, die \u00fcber eine Website generiert werden, handeln. Der Einsatz des Hosters erfolgt zum Zwecke der Vertragserf\u00fcllung gegen\u00fcber unseren potenziellen und bestehenden Kunden (Art. 6 Abs. 1 lit. b DSGVO) und im Interesse einer sicheren, schnellen und effizienten Bereitstellung unseres Online-Angebots durch einen professionellen Anbieter (Art. 6 Abs. 1 lit. f DSGVO). Sofern eine entsprechende Einwilligung abgefragt wurde, erfolgt die Verarbeitung ausschlie\u00dflich auf Grundlage von Art. 6 Abs. 1 lit. a DSGVO und \u00a7 25 Abs. 1 TTDSG, soweit die Einwilligung die Speicherung von Cookies oder den Zugriff auf Informationen im Endger\u00e4t des Nutzers (z.B. Device-Fingerprinting) im Sinne des TTDSG umfasst. Die Einwilligung ist jederzeit widerrufbar. Unser Hoster wird Ihre Daten nur insoweit verarbeiten, wie dies zur Erf\u00fcllung seiner Leistungspflichten erforderlich ist und unsere Weisungen in Bezug auf diese Daten befolgen. Wir haben mit dem Hoster der Website einen Vertrag \u00fcber Auftragsverarbeitung (AVV) geschlossen. Hierbei handelt es sich um einen datenschutzrechtlich vorgeschriebenen Vertrag, der gew\u00e4hrleistet, dass dieser die personenbezogenen Daten unserer Websitebesucher nur nach unseren Weisungen und unter Einhaltung der DSGVO verarbeitet.<\/p><p>(4) Soweit innerhalb dieser Datenschutzerkl\u00e4rung keine speziellere Speicherdauer genannt wurde, verbleiben Ihre personenbezogenen Daten bei uns, bis der Zweck f\u00fcr die Datenverarbeitung entf\u00e4llt. Wenn Sie ein berechtigtes L\u00f6schersuchen geltend machen oder eine Einwilligung zur Datenverarbeitung widerrufen, werden Ihre Daten gel\u00f6scht, sofern wir keine anderen rechtlich zul\u00e4ssigen Gr\u00fcnde f\u00fcr die Speicherung Ihrer personenbezogenen Daten haben (z.B. steuer- oder handelsrechtliche Aufbewahrungsfristen); im letztgenannten Fall erfolgt die L\u00f6schung nach Fortfall dieser Gr\u00fcnde.<\/p><p>(5) Sofern Sie in die Datenverarbeitung eingewilligt haben, verarbeiten wir Ihre personenbezogenen Daten auf Grundlage von Art. 6 Abs. 1 lit. a DSGVO bzw. Art. 9 Abs. 2 lit. a DSGVO, sofern besondere Datenkategorien nach Art. 9 Abs. 1 DSGVO verarbeitet werden. Im Falle einer ausdr\u00fccklichen Einwilligung in die \u00dcbertragung personenbezogener Daten in Drittstaaten erfolgt die Datenverarbeitung au\u00dferdem auf Grundlage von Art. 49 Abs. 1 lit. a DSGVO. Sofern Sie in die Speicherung von Cookies oder in den Zugriff auf Informationen auf Ihrem Endger\u00e4t (z.B. via Device-Fingerprinting) eingewilligt haben, erfolgt die Datenverarbeitung zus\u00e4tzlich auf Grundlage von \u00a7 25 Abs. 1 TTDSG. Die Einwilligung ist jederzeit widerrufbar. Sind Ihre Daten zur Vertragserf\u00fcllung oder zur Durchf\u00fchrung vorvertraglicher Ma\u00dfnahmen erforderlich, verarbeiten wir Ihre Daten auf Grundlage des Art. 6 Abs. 1 lit. b DSGVO. Des Weiteren verarbeiten wir Ihre Daten, sofern diese zur Erf\u00fcllung einer rechtlichen Verpflichtung erforderlich sind auf Grundlage von Art. 6 Abs. 1 lit. c DSGVO. Die Datenverarbeitung kann ferner auf Grundlage unseres berechtigten Interesses nach Art. 6 Abs. 1 lit. f DSGVO erfolgen. \u00dcber die jeweils im Einzelfall einschl\u00e4gigen Rechtsgrundlagen wird in den folgenden Abs\u00e4tzen dieser Datenschutzerkl\u00e4rung informiert.<\/p><p>(6) Wir verwenden unter anderem Tools von Unternehmen mit Sitz in den USA oder sonstigen datenschutzrechtlich nicht sicheren Drittstaaten. Wenn diese Tools aktiv sind, k\u00f6nnen Ihre personenbezogenen Daten in diese Drittstaaten \u00fcbertragen und dort verarbeitet werden. Wir weisen darauf hin, dass in diesen L\u00e4ndern kein mit der EU vergleichbares Datenschutzniveau garantiert werden kann. Beispielsweise sind US-Unternehmen dazu verpflichtet, personenbezogene Daten an Sicherheitsbeh\u00f6rden herauszugeben, ohne dass Sie als Betroffener hiergegen gerichtlich vorgehen k\u00f6nnten. Es kann daher nicht ausgeschlossen werden, dass US-Beh\u00f6rden (z.B. Geheimdienste) Ihre auf US-Servern befindlichen Daten zu \u00dcberwachungszwecken verarbeiten, auswerten und dauerhaft speichern. Wir haben auf diese Verarbeitungst\u00e4tigkeiten keinen Einfluss.<\/p><p>\u00a0<\/p><p>\u00a7 2 Ihre Rechte<\/p><p>(1) Nachfolgend kl\u00e4ren wir Sie \u00fcber Ihre Betroffenenrechte gem\u00e4\u00df Art. 15 DSGVO auf. Diese Rechte k\u00f6nnen Sie jederzeit wahrnehmen und sich deswegen direkt an uns wenden. Sofern Sie diese Rechte uns gegen\u00fcber einfordern, werden wir diese eingehend unter Ber\u00fccksichtigung der damit im Zusammenhang stehenden gesetzlichen Anforderungen und Auflagen pr\u00fcfen. Hierzu werden wir ggf. weitere Informationen von Ihnen erfragen. Die Ergebnisse unserer Pr\u00fcfung sowie unser Vorgehen zur Erf\u00fcllung Ihrer Anfrage werden wir Ihnen ausf\u00fchrlich erl\u00e4utern. Dabei ist es m\u00f6glich, dass wir Ihren W\u00fcnschen nicht vollumf\u00e4nglich in der von Ihnen gew\u00fcnschten Weise nachkommen k\u00f6nnen. Dies soll Sie nicht davon abhalten, Ihre Rechte uns gegen\u00fcber einzufordern, oder bei uns diesbez\u00fcglich nachzufragen. Gerne werden wir Ihnen alle Ihre Nachfragen beantworten.<\/p><p>(2) Recht auf Auskunft Sie haben das Recht, von uns jederzeit Auskunft zu verlangen, ob und welche Daten zur Ihrer Person von uns verarbeitetet werden. Dies beinhaltet auch Angaben zu den Zwecken der Verarbeitung, ggf. zu Empf\u00e4ngern, denen gegen\u00fcber wir Daten von Ihnen offengelegt haben, die geplante Speicherdauer und ggf. Angaben zur Herkunft dieser Daten, sofern wir diese nicht direkt bei Ihnen erhoben haben sollten. Dar\u00fcber hinaus haben Sie das Recht auf eine einmalige kostenfreie Kopie Ihrer bei uns gespeicherten personenbezogenen Daten. F\u00fcr die Erstellung folgender Kopien behalten wir uns das Recht vor, eine angemessen Verwaltungsgeb\u00fchr zu erheben.<\/p><p>(3) Recht auf Berichtigung Sie haben das Recht, von uns die Berichtigung von unzutreffenden Daten, die wir zu Ihrer Person gespeichert haben, zu verlangen. Dies beinhaltet auch das Recht auf Vervollst\u00e4ndigung unvollst\u00e4ndiger personenbezogener Daten.<\/p><p>(4) Recht auf L\u00f6schung Sie haben das Recht, von uns die L\u00f6schung von Daten, die wir zu Ihrer Person gespeichert haben, zu verlangen. Sofern wir Daten von Ihnen ver\u00f6ffentlicht haben sollten, f\u00e4llt hierunter auch unsere Verpflichtung, im Rahmen des \u201eRechts auf Vergessenwerden\u201c gem\u00e4\u00df Art. 17 Abs. 2 DSGVO unter Ber\u00fccksichtigung verf\u00fcgbarer Technologie und der Implementierungskosten Ihren L\u00f6schwunsch alle Links zu diesen Daten sowie Kopien bzw. Replikationen dieser Daten betreffend an weitere f\u00fcr die Verarbeitung dieser ver\u00f6ffentlichten personenbezogenen Daten Verantwortliche weiterzuleiten.<\/p><p>(5) Recht auf Einschr\u00e4nkung der Verarbeitung Sie haben das Recht, von uns die Einschr\u00e4nkung der Verarbeitung von Daten, die wir zu Ihrer Person gespeichert haben, zu verlangen. Danach ist eine Verarbeitung dieser Daten nur noch mit Ihrer Einwilligung oder zu wenigen, gesetzlich festgelegten Zwecken m\u00f6glich.<\/p><p>\u00a0<\/p><p>(6) Recht auf Widerspruch gegen die Verarbeitung Soweit wir die Verarbeitung Ihrer personenbezogenen Daten auf die Interessenabw\u00e4gung st\u00fctzen, k\u00f6nnen Sie Widerspruch gegen die Verarbeitung einlegen. Dies ist der Fall, wenn die Verarbeitung insbesondere nicht zur Erf\u00fcllung eines Vertrags mit Ihnen erforderlich ist, was von uns jeweils bei der nachfolgenden Beschreibung der Funktionen dargestellt wird. Bei Aus\u00fcbung eines solchen Widerspruchs bitten wir um Darlegung der Gr\u00fcnde, weshalb wir Ihre personenbezogenen Daten nicht wie von uns durchgef\u00fchrt verarbeiten sollten. Im Falle Ihres begr\u00fcndeten Widerspruchs pr\u00fcfen wir die Sachlage und werden entweder die Datenverarbeitung einstellen bzw. anpassen oder Ihnen unsere zwingenden schutzw\u00fcrdigen Gr\u00fcnde aufzeigen, aufgrund derer wir die Verarbeitung fortf\u00fchren.<\/p><p>(7) Recht auf Widerruf einer datenschutzrechtlichen Einwilligung Falls Sie eine Einwilligung zur Verarbeitung Ihrer Daten erteilt haben, k\u00f6nnen Sie diese jederzeit widerrufen. Ein solcher Widerruf beeinflusst die Zul\u00e4ssigkeit der Verarbeitung Ihrer personenbezogenen Daten, nachdem Sie ihn gegen\u00fcber uns ausgesprochen haben.<\/p><p>(8) Recht auf Daten\u00fcbertragbarkeit Sie haben das Recht, Daten zu Ihrer Person, die Sie uns bereitgestellt haben, von uns in einem strukturierten, g\u00e4ngigen und maschinenlesbaren Format zum Zweck der \u00dcbertragung zu einem anderen Verantwortlichen zu erhalten. Dies beinhaltet auf Ihren Wunsch hin und unter Ber\u00fccksichtigung der vorhandenen technischen M\u00f6glichkeiten auch die direkte \u00dcbertragung von uns zum anderen Verantwortlichen.<\/p><p>(9) Beschwerderecht bei einer Aufsichtsbeh\u00f6rde Sie haben das Recht, sich jederzeit bei einer Datenschutzaufsichtsbeh\u00f6rde \u00fcber unsere Verarbeitung von Daten zu Ihrer Person zu beschweren.<\/p><p>\u00a0<\/p><p>\u00a7 3 Erhebung personenbezogener Daten bei Besuch unserer Website<\/p><p>(1) Auch bei rein informatorischer Nutzung unserer Website erheben wir zumindest die nachfolgend aufgef\u00fchrten personenbezogenen Daten, die Ihr Browser bei jedem Seitenaufruf an unseren Server \u00fcbermittelt. Dies ist aus technischen Gr\u00fcnden erforderlich, um Ihnen unsere Website anzuzeigen und deren Stabilit\u00e4t und Sicherheit zu gew\u00e4hrleisten (Rechtsgrundlage hierf\u00fcr ist Art. 6 Abs. 1 S. 1 lit. f DSGVO):<\/p><p>\u2022 IP-Adresse<\/p><p>\u2022 Hostname<\/p><p>\u2022 Datum und Uhrzeit der Anfrage<\/p><p>\u2022 Zeitzonendifferenz zur Greenwich Mean Time (GMT)<\/p><p>\u2022 Inhalt der Anforderung (konkrete Seite)<\/p><p>\u2022 Zugriffsstatus\/HTTP-Statuscode<\/p><p>\u2022 jeweils \u00fcbertragene Datenmenge<\/p><p>\u2022 Website, von der die Anforderung kommt (Referrer)<\/p><p>\u2022 Die von Ihnen aufgerufenen konkreten Seiten unserer Website<\/p><p>\u2022 Browser: Typ, Version und eingestellte Sprache<\/p><p>\u2022 Betriebssystem: Typ und Version<\/p><p>\u2022 Bei aktiviertem JavaScript au\u00dferdem:<\/p><p>\uf0a7 Bildschirmaufl\u00f6sung<\/p><p>\uf0a7 Farbtiefe<\/p><p>\uf0a7 Gr\u00f6\u00dfe des Browserfensters<\/p><p>\uf0a7 Installierte Browser-Plugins<\/p><p>(2) Einsatz von Cookies und anderen Speichertechniken: Bei Cookies handelt es sich um kleine Textdateien, die auf Ihrem Endger\u00e4t dem von Ihnen verwendeten Browser zugeordnet gespeichert werden. Weiterhin k\u00f6nnen durch Webseiten sogenannte HTML5 storage objects auf Ihrem Endger\u00e4t abgelegt werden. In beiden F\u00e4llen werden Informationen abgespeichert und wieder ausgelesen. Dies kann zu sehr unterschiedlichen Zwecken erfolgen, jedoch k\u00f6nnen dadurch keine Programme ausgef\u00fchrt oder Schadsoftware \u00fcbertragen werden. Sie k\u00f6nnen Ihre Browser-Einstellung entsprechend Ihren W\u00fcnschen konfigurieren und z.B. die Annahme von Third-Party-Cookies oder allen Cookies ablehnen. Wir empfehlen Ihnen grunds\u00e4tzlich, Cookies, den Browser-Verlauf sowie sonstige tempor\u00e4re Webspeicherobjekte automatisiert oder regelm\u00e4\u00dfig manuell zu l\u00f6schen, um den Schutz Ihrer Privatsph\u00e4re zu erh\u00f6hen.<\/p><p>\u00a7 4 Weitere Funktionen und Angebote unserer Website<\/p><p>(1) Neben der rein informatorischen Nutzung unserer Website bieten wir verschiedene Leistungen an, die Sie bei Interesse nutzen k\u00f6nnen. Dazu m\u00fcssen Sie in der Regel weitere personenbezogene Daten angeben, die wir zur Erbringung der jeweiligen Leistung nutzen und f\u00fcr die die zuvor genannten Grunds\u00e4tze zur Datenverarbeitung gelten. Pflichtangaben sind hierbei mit einem Sternchen gekennzeichnet. Angaben in nicht auf diese Weise markierten Feldern sind rein freiwillig.<\/p><p>(2) Bei Ihrer Kontaktaufnahme mit uns per E-Mail oder \u00fcber ein Kontaktformular werden Ihre E-Mail-Adresse und weitere von Ihnen angegebene Daten von uns gespeichert, um Ihre Anfrage zu beantworten. Sofern zwischen Ihnen und uns eine gesch\u00e4ftliche Beziehung besteht bzw. in der Folge Ihrer Anfrage zustande kommt, speichern wir diese Daten f\u00fcr die Dauer des Bestehens unserer gesch\u00e4ftlichen Beziehung. Ansonsten l\u00f6schen wir diese Daten, nachdem die Speicherung f\u00fcr die vollst\u00e4ndige Bearbeitung Ihrer Anfrage nicht mehr erforderlich ist. Sofern gesetzliche Aufbewahrungspflichten einer L\u00f6schung entgegenstehen, schr\u00e4nken wir die Bearbeitung der Daten f\u00fcr deren Dauer ein und l\u00f6schen sie anschlie\u00dfend. Bitte beachten Sie bei Ihrer Kontaktaufnahme \u00fcber ein Kontaktformular die Mussfeld-Markierungen wie unter Abs. 1 beschrieben, um eine von Ihnen nicht gewollte \u00dcbermittlung nicht erforderlicher personenbezogener Daten zu vermeiden. Mit dem Absenden des Kontaktformulars bzw. Ihrer E-Mail erkl\u00e4ren Sie Ihr Einverst\u00e4ndnis, dass wir die von Ihnen \u00fcbermittelten Daten in vorgenannter Weise verarbeiten d\u00fcrfen (Rechtsgrundlage: Art. 6 Abs. 1 S. 1 lit. a DSGVO).<\/p><p>(3) Teilweise bedienen wir uns zur Verarbeitung Ihrer Daten externer Dienstleister. Diese wurden von uns sorgf\u00e4ltig ausgew\u00e4hlt und beauftragt und wir haben mit diesen im datenschutzrechtlich erforderlichen Umfang Vereinbarungen zum Schutz Ihrer Daten getroffen. In einigen F\u00e4llen haben diese Dienstleister Ihren Sitz auch au\u00dferhalb des Europ\u00e4ischen Wirtschaftsraums (EWR), wodurch eine \u00dcbermittlung der entsprechend unserer unter \u00a7 3 aufgef\u00fchrten Hinweise erhobenen Daten in den entsprechenden F\u00e4llen auch in L\u00e4nder mit einem nicht zu EU\/EWR vergleichbarem Datenschutzniveau erfolgt. Im Folgenden informieren wir Sie ausf\u00fchrlich \u00fcber auf unserer Website zum Einsatz kommende besondere Nutzungsformen, E-Mailbasierte Informationsdienste, Tracking- und Analysewerkzeuge, Social Media Angebote sowie sonstige Dienste Dritter.<\/p><p>Besondere Nutzungsformen<\/p><p>1. Social Media<\/p><p>(1) Wir setzen derzeit auf unserer Website keine Plug-ins von Social-Media-Anbietern ein, sondern haben lediglich Links auf unsere Pr\u00e4senzen bei den folgende Social-Media-Anbietern gesetzt: Instagram, TikTok. Durch das alleinige Vorhandensein dieser Links erfolgt keine \u00dcbermittlung personenbezogener Daten an den jeweiligen Anbieter. Nur wenn Sie auf den Link, den Sie an dem jeweiligen Social Media-Icon erkennen k\u00f6nnen, klicken und dadurch unsere bei dem jeweiligen Anbieter gehostete Seite aufrufen, erh\u00e4lt der Anbieter dar\u00fcber Kenntnis.<\/p><p>(2) Adressen der betreffenden Social Media-Anbieter und URL mit deren Datenschutzhinweisen:<\/p><p>a) Meta Platforms Ireland Limited, 4 Grand Canal Square, Grand Canal Harbour, Dublin 2, Irland; <a class=\"c-link\" href=\"https:\/\/www.facebook.com\/about\/privacy\" target=\"_blank\" rel=\"noopener noreferrer\" data-stringify-link=\"https:\/\/www.facebook.com\/about\/privacy\" data-sk=\"tooltip_parent\">https:\/\/www.facebook.com\/about\/privacy<\/a>; weitere Informationen zu Datenerhebungen und Privatsph\u00e4reeinstellungen: <a class=\"c-link\" href=\"https:\/\/www.facebook.com\/help\/1075880512458213\/\" target=\"_blank\" rel=\"noopener noreferrer\" data-stringify-link=\"https:\/\/www.facebook.com\/help\/1075880512458213\/\" data-sk=\"tooltip_parent\">https:\/\/www.facebook.com\/help\/1075880512458213\/<\/a>, <a class=\"c-link\" href=\"https:\/\/www.facebook.com\/help\/186325668085084\" target=\"_blank\" rel=\"noopener noreferrer\" data-stringify-link=\"https:\/\/www.facebook.com\/help\/186325668085084\" data-sk=\"tooltip_parent\">https:\/\/www.facebook.com\/help\/186325668085084<\/a> und <a class=\"c-link\" href=\"https:\/\/m.facebook.com\/help\/238318146535333\" target=\"_blank\" rel=\"noopener noreferrer\" data-stringify-link=\"https:\/\/m.facebook.com\/help\/238318146535333\" data-sk=\"tooltip_parent\">https:\/\/m.facebook.com\/help\/238318146535333<\/a><\/p><p>\u00a0<\/p><p>\u00a0<\/p><p>Einbindung von Google Maps<\/p><p>(1) Auf dieser Website nutzen wir das Angebot von Google Maps. Damit verfolgen wir unser Interesse zur Steigerung der Attraktivit\u00e4t unserer Website, indem wir Ihnen interaktive Karten direkt auf unserer Website anzeigen und Ihnen eine komfortable Nutzung der Karten-Funktion erm\u00f6glichen.<\/p><p>(2) Indem Sie das Google Maps Plugins durch Anklicken aktivieren, erkl\u00e4ren Sie Ihre Einwilligung zur Nutzung und der damit verbundenen Daten\u00fcbertragung an Google. Rechtsgrundlage f\u00fcr die Nutzung des Plug-ins ist Art. 6 Abs. 1 S. 1 lit.a DSGVO.<\/p><p>(3) Durch den Aufruf des Plugins erh\u00e4lt Google die Information, dass Sie die entsprechende Unterseite unserer Website aufgerufen haben. Zudem werden die unter \u00a7 3 Abs. 1 dieser Datenschutzhinweise genannten Daten \u00fcbermittelt. Dies erfolgt unabh\u00e4ngig davon, ob Google ein Nutzerkonto bereitstellt, \u00fcber das Sie eingeloggt sind, oder ob kein Nutzerkonto besteht. Wenn Sie bei Google eingeloggt sind, werden Ihre Daten direkt Ihrem Konto zugeordnet. Wenn Sie die Zuordnung mit Ihrem Profil bei Google nicht w\u00fcnschen, m\u00fcssen Sie sich vor Aufruf der Unterseite ausloggen. Google speichert Ihre Daten als Nutzungsprofile und nutzt sie f\u00fcr Zwecke der Werbung, Marktforschung und\/oder bedarfsgerechten Gestaltung seiner Website. Eine solche Auswertung erfolgt insbesondere (selbst f\u00fcr nicht eingeloggte Nutzer) zur Erbringung von bedarfsgerechter Werbung und ggf. auch, um andere Nutzer von Google-Diensten \u00fcber Ihre Aktivit\u00e4ten auf unserer Website zu informieren. Ihnen steht ein Widerspruchsrecht gegen die Bildung dieser Nutzerprofile zu, wobei Sie sich zur Aus\u00fcbung dessen an Google richten m\u00fcssen.<\/p><p>(4) Weitere Informationen zu Zweck und Umfang der Datenerhebung und ihrer Verarbeitung durch Google erhalten Sie in dessen Datenschutzhinweisen. Dort erhalten Sie auch weitere Informationen zu Ihren diesbez\u00fcglichen Rechten und Einstellungsm\u00f6glichkeiten zum Schutze Ihrer Privatsph\u00e4re: Google Ireland Ltd., Gordon House, Barrow Street, Dublin 4, Ireland; <a class=\"c-link\" href=\"https:\/\/www.google.de\/intl\/de\/policies\/privacy\" target=\"_blank\" rel=\"noopener noreferrer\" data-stringify-link=\"https:\/\/www.google.de\/intl\/de\/policies\/privacy\" data-sk=\"tooltip_parent\">https:\/\/www.google.de\/intl\/de\/policies\/privacy<\/a>und <a class=\"c-link\" href=\"https:\/\/www.google.com\/policies\/privacy\/partners\/?hl=de\" target=\"_blank\" rel=\"noopener noreferrer\" data-stringify-link=\"https:\/\/www.google.com\/policies\/privacy\/partners\/?hl=de\" data-sk=\"tooltip_parent\">https:\/\/www.google.com\/policies\/privacy\/partners\/?hl=de<\/a> (5) F\u00fcr Daten\u00fcbertragungen in nicht sichere Drittstaaten st\u00fctzt sich Google auf das EU-US Data Privacy Framework sowie die Standarddatenschutzklauseln der EU-Kommission. Details hierzu finden Sie hier: <a class=\"c-link\" href=\"https:\/\/policies.google.com\/privacy\/frameworks?hl=de\" target=\"_blank\" rel=\"noopener noreferrer\" data-stringify-link=\"https:\/\/policies.google.com\/privacy\/frameworks?hl=de\" data-sk=\"tooltip_parent\">https:\/\/policies.google.com\/privacy\/frameworks?hl=de<\/a> .<\/p><p>3. Einbindung sonstiger Dienste Dritter<\/p><p>(1) Auf dieser Website haben wir au\u00dferdem Angebote von Google (Google Fonts: Schriftarten) eingebunden. Diesen Dienst nutzen wir dabei auf Grundlage einer Interessensabw\u00e4gung wegen technischer Erforderlichkeit oder um Ihnen ein besseres Nutzererlebnis auf unserer Website bieten zu k\u00f6nnen und die Attraktivit\u00e4t unserer Website zu steigern (Rechtsgrundlage Art. 6 Abs. 1 S. 1 lit. f DSGVO)<\/p><p>(2) Durch den Besuch auf der Website erh\u00e4lt der jeweilige Drittanbieter die Information, dass Sie die entsprechende Unterseite unserer Website aufgerufen haben. Zudem werden die unter \u00a7 3 Abs. 1 dieser Datenschutzhinweise genannten Daten \u00fcbermittelt. Dies erfolgt unabh\u00e4ngig davon, ob dieser Drittanbieter ein Nutzerkonto bereitstellt, \u00fcber das Sie eingeloggt sind, oder ob kein Nutzerkonto besteht. Wenn Sie bei dem Drittanbieter eingeloggt sind, werden Ihre Daten direkt Ihrem Konto zugeordnet. Wenn Sie die Zuordnung mit Ihrem Profil bei dem jeweiligen Drittanbieter nicht w\u00fcnschen, m\u00fcssen Sie sich vor dem Besuch unserer Website ausloggen. Der Drittanbieter speichert Ihre Daten m\u00f6glicherweise als Nutzungsprofil und kann dieses f\u00fcr Zwecke der Werbung, Marktforschung und\/oder bedarfsgerechten Gestaltung seiner Website nutzen. Eine solche Auswertung erfolgt insbesondere (selbst f\u00fcr nicht eingeloggte Nutzer) zur Erbringung von bedarfsgerechter Werbung und um ggf. andere Nutzer des jeweiligen Dienstes \u00fcber Ihre Aktivit\u00e4ten auf unserer Website zu informieren. Ihnen steht ein Widerspruchsrecht gegen die Bildung dieser Nutzerprofile zu, wobei Sie sich zur Aus\u00fcbung dessen an den jeweiligen Drittanbieter richten m\u00fcssen.<\/p><p>(3) Weitere Informationen zu Zweck und Umfang der Datenerhebung und ihrer Verarbeitung durch den Drittanbieter erhalten Sie in den im Folgenden mitgeteilten Datenschutzhinweisen dieser Anbieter. Dort erhalten Sie auch weitere Informationen zu Ihren diesbez\u00fcglichen Rechten und Einstellungsm\u00f6glichkeiten zum Schutze Ihrer Privatsph\u00e4re:<\/p><p>(4) Adressen der jeweiligen Anbieter und URL mit deren Datenschutzhinweisen: a) Google Ireland Ltd., Gordon House, Barrow Street, Dublin 4, Ireland; <a class=\"c-link\" href=\"https:\/\/www.google.de\/intl\/de\/policies\/privacy\" target=\"_blank\" rel=\"noopener noreferrer\" data-stringify-link=\"https:\/\/www.google.de\/intl\/de\/policies\/privacy\" data-sk=\"tooltip_parent\">https:\/\/www.google.de\/intl\/de\/policies\/privacy<\/a> und <a class=\"c-link\" href=\"https:\/\/www.google.com\/policies\/privacy\/partners\/?hl=de\" target=\"_blank\" rel=\"noopener noreferrer\" data-stringify-link=\"https:\/\/www.google.com\/policies\/privacy\/partners\/?hl=de\" data-sk=\"tooltip_parent\">https:\/\/www.google.com\/policies\/privacy\/partners\/?hl=de<\/a><\/p><p>Stand: 20.12.2024<\/p>\t\t\t\t\t\t\t\t<\/div>\n\t\t\t\t<\/div>\n\t\t\t\t\t<\/div>\n\t\t\t\t<\/div>\n\t\t\t\t<\/div>\n\t\t","protected":false},"excerpt":{"rendered":"<p>Impressum Datenschutzhinweise Wir freuen uns \u00fcber Ihr Interesse an unserer Webseite. Der Schutz Ihrer Privatsph\u00e4re bei der Verarbeitung personenbezogener Daten sowie die Sicherheit aller Gesch\u00e4ftsdaten ist uns ein wichtiges Anliegen, das wir in unseren Gesch\u00e4ftsprozessen ber\u00fccksichtigen. Hier informieren wir Sie ausf\u00fchrlich \u00fcber den Umgang mit Ihren Daten. \u00a7 1 Allgemeine Information \u00fcber die Erhebung personenbezogener [&hellip;]<\/p>\n","protected":false},"author":1,"featured_media":0,"parent":0,"menu_order":0,"comment_status":"closed","ping_status":"closed","template":"elementor_header_footer","meta":{"footnotes":""},"class_list":["post-1017","page","type-page","status-publish","hentry"],"_links":{"self":[{"href":"https:\/\/u6a.0e8.mytemp.website\/fassdaube\/wp-json\/wp\/v2\/pages\/1017","targetHints":{"allow":["GET"]}}],"collection":[{"href":"https:\/\/u6a.0e8.mytemp.website\/fassdaube\/wp-json\/wp\/v2\/pages"}],"about":[{"href":"https:\/\/u6a.0e8.mytemp.website\/fassdaube\/wp-json\/wp\/v2\/types\/page"}],"author":[{"embeddable":true,"href":"https:\/\/u6a.0e8.mytemp.website\/fassdaube\/wp-json\/wp\/v2\/users\/1"}],"replies":[{"embeddable":true,"href":"https:\/\/u6a.0e8.mytemp.website\/fassdaube\/wp-json\/wp\/v2\/comments?post=1017"}],"version-history":[{"count":4,"href":"https:\/\/u6a.0e8.mytemp.website\/fassdaube\/wp-json\/wp\/v2\/pages\/1017\/revisions"}],"predecessor-version":[{"id":1021,"href":"https:\/\/u6a.0e8.mytemp.website\/fassdaube\/wp-json\/wp\/v2\/pages\/1017\/revisions\/1021"}],"wp:attachment":[{"href":"https:\/\/u6a.0e8.mytemp.website\/fassdaube\/wp-json\/wp\/v2\/media?parent=1017"}],"curies":[{"name":"wp","href":"https:\/\/api.w.org\/{rel}","templated":true}]}}